{"id":2753,"date":"2022-03-11T08:02:25","date_gmt":"2022-03-11T08:02:25","guid":{"rendered":"https:\/\/www.iti.gr\/iti\/?page_id=2753"},"modified":"2023-05-26T15:47:56","modified_gmt":"2023-05-26T13:47:56","slug":"publications","status":"publish","type":"page","link":"https:\/\/www.iti.gr\/iti\/publications\/","title":{"rendered":"\u0394\u03b7\u03bc\u03bf\u03c3\u03b9\u03b5\u03cd\u03c3\u03b5\u03b9\u03c2"},"content":{"rendered":"<style>\/*! elementor - v3.12.2 - 23-04-2023 *\/\n.elementor-heading-title{padding:0;margin:0;line-height:1}.elementor-widget-heading .elementor-heading-title[class*=elementor-size-]>a{color:inherit;font-size:inherit;line-height:inherit}.elementor-widget-heading .elementor-heading-title.elementor-size-small{font-size:15px}.elementor-widget-heading .elementor-heading-title.elementor-size-medium{font-size:19px}.elementor-widget-heading .elementor-heading-title.elementor-size-large{font-size:29px}.elementor-widget-heading .elementor-heading-title.elementor-size-xl{font-size:39px}.elementor-widget-heading .elementor-heading-title.elementor-size-xxl{font-size:59px}<\/style>\n<h1>\u0394\u03b7\u03bc\u03bf\u03c3\u03b9\u03b5\u03cd\u03c3\u03b5\u03b9\u03c2<\/h1>\n<style>\/*! elementor-pro - v3.9.2 - 21-12-2022 *\/\n.elementor-widget-table-of-contents .elementor-toc__header-title{color:var(--header-color)}.elementor-widget-table-of-contents.elementor-toc--collapsed .elementor-toc__toggle-button--collapse,.elementor-widget-table-of-contents:not(.elementor-toc--collapsed) .elementor-toc__toggle-button--expand{display:none}.elementor-widget-table-of-contents .elementor-widget-container{min-height:var(--box-min-height);border:var(--box-border-width,1px) solid var(--box-border-color,#a4afb7);border-radius:var(--box-border-radius,3px);background-color:var(--box-background-color);transition:min-height .4s;overflow:hidden}.elementor-toc__header{display:flex;align-items:center;justify-content:space-between;padding:var(--box-padding,20px);background-color:var(--header-background-color);border-bottom:var(--separator-width,1px) solid var(--box-border-color,#a4afb7)}.elementor-toc__header-title{font-size:18px;margin:0;color:var(--header-color)}.elementor-toc__toggle-button{cursor:pointer;display:inline-flex}.elementor-toc__toggle-button i{color:var(--toggle-button-color)}.elementor-toc__toggle-button svg{height:1em;width:1em;fill:var(--toggle-button-color)}.elementor-toc__spinner-container{text-align:center}.elementor-toc__spinner{font-size:2em}.elementor-toc__spinner.e-font-icon-svg{height:1em;width:1em}.elementor-toc__body{padding:var(--box-padding,20px);max-height:var(--toc-body-max-height);overflow-y:auto}.elementor-toc__body::-webkit-scrollbar{width:7px}.elementor-toc__body::-webkit-scrollbar-thumb{background-color:#c2cbd2;border-radius:10px}.elementor-toc__list-wrapper{list-style:none;padding:0}.elementor-toc__list-item{margin-bottom:.5em}.elementor-toc__list-item.elementor-item-active{font-weight:700}.elementor-toc__list-item .elementor-toc__list-wrapper{margin-top:.5em;margin-left:var(--nested-list-indent,1em)}.elementor-toc__list-item-text:hover{color:var(--item-text-hover-color);-webkit-text-decoration:var(--item-text-hover-decoration);text-decoration:var(--item-text-hover-decoration)}.elementor-toc__list-item-text.elementor-item-active{color:var(--item-text-active-color);-webkit-text-decoration:var(--item-text-active-decoration);text-decoration:var(--item-text-active-decoration)}.elementor-toc__list-item-text-wrapper{display:flex;align-items:center}.elementor-toc__list-item-text-wrapper:before,.elementor-toc__list-item-text-wrapper i{margin-right:8px;color:var(--marker-color)}.elementor-toc__list-item-text-wrapper svg{margin-right:8px;fill:var(--marker-color);height:var(--marker-size,.5em);width:var(--marker-size,.5em)}.elementor-toc__list-item-text-wrapper i{font-size:var(--marker-size,.5em)}.elementor-toc__list-item-text-wrapper:before{font-size:var(--marker-size,1em)}.elementor-toc--content-ellipsis .elementor-toc__list-item-text{white-space:nowrap;overflow:hidden;text-overflow:ellipsis}.elementor-toc__list-items--collapsible>.elementor-toc__list-wrapper>.elementor-toc__list-item>.elementor-toc__list-wrapper{display:none}.elementor-toc__heading-anchor{position:absolute}.elementor-toc__body .elementor-toc__list-item-text{color:var(--item-text-color);-webkit-text-decoration:var(--item-text-decoration);text-decoration:var(--item-text-decoration)}.elementor-toc__body .elementor-toc__list-item-text:hover{color:var(--item-text-hover-color);-webkit-text-decoration:var(--item-text-hover-decoration);text-decoration:var(--item-text-hover-decoration)}.elementor-toc__body .elementor-toc__list-item-text.elementor-item-active{color:var(--item-text-active-color);-webkit-text-decoration:var(--item-text-active-decoration);text-decoration:var(--item-text-active-decoration)}ol.elementor-toc__list-wrapper{counter-reset:item}ol.elementor-toc__list-wrapper .elementor-toc__list-item{counter-increment:item}ol.elementor-toc__list-wrapper .elementor-toc__list-item-text-wrapper:before{content:counters(item,\".\") \". \"}<\/style>\n<h4>\n\t\t\t\t\t\t\t<\/h4>\n<div id=\"publications\"><div id=\"publication_years_bar\"><div class=\"publication_year selected\"><a href=\"?publication_year=2026\">2026<\/a><\/div><div class=\"publication_year\"><a href=\"?publication_year=2025\">2025<\/a><\/div><div class=\"publication_year\"><a href=\"?publication_year=2024\">2024<\/a><\/div><div class=\"publication_year\"><a href=\"?publication_year=2023\">2023<\/a><\/div><div class=\"publication_year\"><a href=\"?publication_year=2022\">2022<\/a><\/div><div class=\"publication_year\"><a href=\"?publication_year=2021\">2021<\/a><\/div><\/div><div id=\"publications_loop\"><span id=\"elementor-toc__heading-anchor-0\" class=\"elementor-menu-anchor \"><\/span><h3>\u0394\u03b7\u03bc\u03bf\u03c3\u03b9\u03b5\u03cd\u03c3\u03b5\u03b9\u03c2 \u03a3\u03b5 \u03a0\u03b5\u03c1\u03b9\u03bf\u03b4\u03b9\u03ba\u03ac<\/h3><ol><li class=\"publication\"><span class=\"publication_authors\"><b>A. Damianou, M. S. Mazi, G. Rizos, K. Bezas, G. Lazaridis, A. Voulgaridis, K. Votis, D. Tzovaras,<\/b> <\/span><span>\"<i>Measuring the Unseen: A Situational Awareness Scoring Framework for Cyber Range Training.\"<\/i>, <\/span><span class=\"publication_info\">International Journal of Information Security, vol. 25, March 2026.<\/span> <a href=\"https:\/\/doi.org\/10.1007\/s10207-026-01219-z\" target=\"_blank\">https:\/\/doi.org\/10.1007\/s10207-026-01219-z<\/a><\/li><li class=\"publication\"><span class=\"publication_authors\"><b>E. Savvakis, D. Kapetas, M. C. Mart\u00ednez-Ballesta, N. Katsoulas, E. M. Pechlivani,<\/b> <\/span><span>\"<i>AI-Based Potato Crop Abiotic Stress Detection via Instance Segmentation.\"<\/i>, <\/span><span class=\"publication_info\">AI, vol. 7, no. 3, March 2026.<\/span> <a href=\"https:\/\/doi.org\/10.3390\/ai7030111\" target=\"_blank\">https:\/\/doi.org\/10.3390\/ai7030111<\/a><\/li><li class=\"publication\"><span class=\"publication_authors\"><b>D. Kapetas, P. Christakakis, I. Naounoulis, I. Vagelas, S. Faliagka, E. M. Pechlivani, N. Katsoulas,<\/b> <\/span><span>\"<i>Multispectral AI-driven imaging for detection of downy mildew and gray mold in grapevines.\"<\/i>, <\/span><span class=\"publication_info\">Smart Agricultural Technology, 2026.<\/span> <a href=\"https:\/\/doi.org\/10.1016\/j.atech.2026.101990\" target=\"_blank\">https:\/\/doi.org\/10.1016\/j.atech.2026.101990<\/a><\/li><li class=\"publication\"><span class=\"publication_authors\"><b>A. Doumanoglou, K. Driessens, D. Zarpalas,<\/b> <\/span><a class=\"publication_title\" href=\"https:\/\/www.iti.gr\/iti\/wp-content\/uploads\/2026\/03\/eddp-camera-ready.pdf\" target=\"_blank\">\"Learning Encoding-Decoding Direction Pairs to Unveil Concepts of Influence in Deep Vision Networks.\"<\/a>,<span class=\"publication_info\">Transactions on Machine Learning Research, March 02, 2026.<\/span> <a href=\"https:\/\/openreview.net\/forum?id=lIeyZpPEJn\" target=\"_blank\">https:\/\/openreview.net\/forum?id=lIeyZpPEJn<\/a><\/li><li class=\"publication\"><span class=\"publication_authors\"><b>C. R. Medentzidis, D. Kapetas, E. M. Pechlivani,<\/b> <\/span><span>\"<i>Fungal Disease Detection on Vegetable Crops Using RGB Imaging.\"<\/i>, <\/span><span class=\"publication_info\">Agriculture, vol. 16, no. 5, February 2026.<\/span> <a href=\"https:\/\/doi.org\/10.3390\/agriculture16050541\" target=\"_blank\">https:\/\/doi.org\/10.3390\/agriculture16050541<\/a><\/li><li class=\"publication\"><span class=\"publication_authors\"><b>E. Xanthopoulou, P. A. Klonos, A. Kyritsis, E. M. Pechlivani, D. N. Bikiaris,<\/b> <\/span><span>\"<i>Molecular mobility in poly(ethylene furanoate), PEF, of low molecular weights, studied by calorimetric and dielectric techniques.\"<\/i>, <\/span><span class=\"publication_info\">Polymer, vol. 345, February 9, 2026.<\/span> <a href=\"https:\/\/doi.org\/10.1016\/j.polymer.2026.129606\" target=\"_blank\">https:\/\/doi.org\/10.1016\/j.polymer.2026.129606<\/a><\/li><li class=\"publication\"><span class=\"publication_authors\"><b>C. Tsita, C. Gogos, N. Dimitriou, D. Tzovaras, M. Satratzemi,<\/b> <\/span><span>\"<i>An RL-Driven Adaptive Game Approach to Support Cultural Heritage Learning.\"<\/i>, <\/span><span class=\"publication_info\">Journal of Computer Assisted Learning, vol. 42, no. 1, February 2026.<\/span> <a href=\"https:\/\/doi.org\/10.1111\/jcal.70156\" target=\"_blank\">https:\/\/doi.org\/10.1111\/jcal.70156<\/a><\/li><li class=\"publication\"><span class=\"publication_authors\"><b>N. Deligiannakis, V. Papataxiarhis, M. Loukeris, S. Hadjiefthymiades, M. Touloupou, S. M. U. Hassan, H. Herodotou, T. Moustakas, E. Bampis, K. Ioannidis, I. Michailidis, S. Vrochidis, E. Kosmatopoulos, F. J. Romero Mart\u00ednez, R. M. P\u00e9rez, A. Mousa, J. Castellini, P. Strasser,<\/b> <\/span><span>\"<i>DACCA: Distributed Adaptive Cloud Continuum Architecture.\"<\/i>, <\/span><span class=\"publication_info\">Future Internet, vol. 18, no. 2, February 2026.<\/span> <a href=\"https:\/\/doi.org\/10.3390\/fi18020074\" target=\"_blank\">https:\/\/doi.org\/10.3390\/fi18020074<\/a><\/li><li class=\"publication\"><span class=\"publication_authors\"><b>H. H. Coban, P. Michailidis, Y. A. Yildirim, F. Minelli,<\/b> <\/span><span>\"<i>Flattening Winter Peaks with Dynamic Energy Storage: A Neighborhood Case Study in the Cold Climate of Ardahan, Turkey.\"<\/i>, <\/span><span class=\"publication_info\">Sustainability, vol. 18, no. 2, January 12, 2026.<\/span> <a href=\"https:\/\/doi.org\/10.3390\/su18020761\" target=\"_blank\">https:\/\/doi.org\/10.3390\/su18020761<\/a><\/li><li class=\"publication\"><span class=\"publication_authors\"><b>A. Ntovas, A. Doumanoglou, P. Drakoulis, D. Zarpalas,<\/b> <\/span><span>\"<i>Compressing What Matters: Neuron Importance Meets Data-Aware Low Rank Approximation for Language Model Compression.\"<\/i>, <\/span><span class=\"publication_info\">IEEE Access, vol. 14, pp. 6106-6120, 2026.<\/span> <a href=\"https:\/\/ieeexplore.ieee.org\/stamp\/stamp.jsp?tp=&arnumber=11346468&tag=1\" target=\"_blank\">https:\/\/ieeexplore.ieee.org\/stamp\/stamp.jsp?tp=&arnumber=11346468&tag=1<\/a><\/li><li class=\"publication\"><span class=\"publication_authors\"><b>K. Tsiakas, M. Bellone, I. Mariolis, A. Gasteratos, D. Tzovaras, D. Giakoumis,<\/b> <\/span><span>\"<i>Toward Sustainable Data Collection Processes for Autonomous Vehicles.\"<\/i>, <\/span><span class=\"publication_info\">IEEE Access, vol. 14, pp. 6877 - 6895, January 2026, doi:<\/span> <a href=\"https:\/\/ieeexplore.ieee.org\/document\/11345594\" target=\"_blank\">10.1109\/ACCESS.2026.3651902<\/a><\/li><li class=\"publication\"><span class=\"publication_authors\"><b>I. Kalouptsoglou, M. Siavvas, A. Ampatzoglou, D. Kehagias, A. Chatzigeorgiou,<\/b> <\/span><span>\"<i>LocVul: Line-level vulnerability localization based on a Sequence-to-Sequence approach.\"<\/i>, <\/span><span class=\"publication_info\">Information and Software Technology, vol. 189, January 2026.<\/span> <a href=\"https:\/\/doi.org\/10.1016\/j.infsof.2025.107940\" target=\"_blank\">https:\/\/doi.org\/10.1016\/j.infsof.2025.107940<\/a><\/li><\/ol><span id=\"elementor-toc__heading-anchor-1\" class=\"elementor-menu-anchor \"><\/span><h3>Conference<\/h3><ol><li class=\"publication\"><span class=\"publication_authors\"><b>N. Fasfalis, P. Kyriakidis, D. Chatzakou, T. Tsikrika, S. Vrochidis, I. Kompatsiaris,<\/b> <\/span><span>\"<i>Interactive Clustering through Deep Metric Learning: A Study on Loss Functions.\"<\/i>, <\/span><span class=\"publication_info\">in Proceedings of the 18th ACM Web Science Conference (WebSci), Braunschweig, Germany, May 2026, pp. 1\u201311.<\/span> <\/li><li class=\"publication\"><span class=\"publication_authors\"><b>E. Kalogeropoulou, P. Christakakis, D. Kapetas, E. M. Pechlivani,<\/b> <\/span><span>\"<i>\u039a\u03b1\u03b9\u03bd\u03bf\u03c4\u03cc\u03bc\u03b1 \u03a3\u03c5\u03c3\u03c4\u03ae\u03bc\u03b1\u03c4\u03b1 \u03a4\u03b5\u03c7\u03bd\u03b7\u03c4\u03ae\u03c2 \u039d\u03bf\u03b7\u03bc\u03bf\u03c3\u03cd\u03bd\u03b7\u03c2 \u03b3\u03b9\u03b1 \u03a4\u03b7\u03bd \u0388\u03b3\u03ba\u03b1\u03b9\u03c1\u03b7 \u0391\u03bd\u03af\u03c7\u03bd\u03b5\u03c5\u03c3\u03b7 \u03a4\u03bf\u03c5 \u039c\u03cd\u03ba\u03b7\u03c4\u03b1 Botrytis cinerea \u03c3\u03b5 \u039a\u03b7\u03c0\u03b5\u03c5\u03c4\u03b9\u03ba\u03ac.\"<\/i>, <\/span><span class=\"publication_info\">in Proceedings of the 9\u03b7 - \u03a0\u03b1\u03bd\u03b5\u03bb\u03bb\u03ae\u03bd\u03b9\u03b1 \u03a3\u03c5\u03bd\u03ac\u03bd\u03c4\u03b7\u03c3\u03b7 \u03a6\u03c5\u03c4\u03bf\u03c0\u03c1\u03bf\u03c3\u03c4\u03b1\u03c3\u03af\u03b1\u03c2, Larissa, Greece, March 10-12, 2026.<\/span> <a href=\"https:\/\/www.cropprotectionconference.gr\/index.php\" target=\"_blank\">https:\/\/www.cropprotectionconference.gr\/index.php<\/a><\/li><li class=\"publication\"><span class=\"publication_authors\"><b>C. Koutlis, S. Papadopoulos,<\/b> <\/span><span>\"<i>AuViRe: Audio-visual Speech Representation Reconstruction for Deepfake Temporal Localization.\"<\/i>, <\/span><span class=\"publication_info\">in Proceedings of the 2026 IEEE\/CVF Winter Conference on Applications of Computer Vision (WACV), Tucson, Arizona, March 2026.<\/span> <\/li><li class=\"publication\"><span class=\"publication_authors\"><b>N. Pantelidis, E. Kosmidou, D. Galanopoulos, D. Georgalis, S. Pasios, K. Apostolidis, A. Goulas, M. Pegia, G. Tsionkis, K. Gkountakos, G. Kouvrakis, A. Moumtzidou, I. Gialampoukidis, S. Vrochidis, V. Mezaris, I. Kompatsiaris,<\/b> <\/span><span>\"<i>VERGE in VBS 2026.\"<\/i>, <\/span><span class=\"publication_info\">in Proceedings of the International Conference on Multimedia Modeling (MMM 2026), Prague, Czech Republic, January 29-31, 2026, in Lecture Notes in Computer Science, vol. 16415. Singapore: Springer, 2026, pp. 222\u2013229.<\/span> <a href=\"https:\/\/doi.org\/10.1007\/978-981-95-6963-2_24\" target=\"_blank\">https:\/\/doi.org\/10.1007\/978-981-95-6963-2_24<\/a><\/li><li class=\"publication\"><span class=\"publication_authors\"><b>E. Anastasovitis, G. Georgiou, S. Nikolopoulos, I. Kompatsiaris,<\/b> <\/span><span>\"<i>The Evolution of Digital Cultural Heritage towards human-centered Storyliving Virtual Worlds.\"<\/i>, <\/span><span class=\"publication_info\">in Proceedings of the 2026 IEEE International Conference on Artificial Intelligence and eXtended and Virtual Reality (AIxVR), Osaka, Japan, 26-28 January 2026, pp. 432-440, doi:<\/span> <a href=\"https:\/\/doi.org\/10.1109\/AIxVR67263.2026.00074\" target=\"_blank\">10.1109\/AIxVR67263.2026.00074<\/a><\/li><\/ol><span id=\"elementor-toc__heading-anchor-2\" class=\"elementor-menu-anchor \"><\/span><h3>Books Chapters<\/h3><ol><li class=\"publication\"><span class=\"publication_authors\"><b>M. Caballero, A. Queralt, D. Calvanese, A. Oikonomidis, C. Muonagor, A. Abella, P. Campalani, B. Cogrel, G. Tassi, J. Palma, A. Barcel\u00f3, S. Talebzadeh, R. Little, P. Oiz, F. P\u00e9rez, A. Kalafatelis, M. Font, S. Nadal, A. Nizamis, A. Jukan, S. M. Marotta, R. Sim\u00f3n-Carbajo, J. Conejero, D. Ord\u00f3\u00f1ez,<\/b> <\/span><span>\"<i>CyclOps: Leveraging Semantic Technologies for AI and Data Life Cycle Management and Governance.\"<\/i>, <\/span><span class=\"publication_info\">in Artificial Intelligence, Data and Robotics, E. Curry et al., Eds, Cham: Springer, 2026, pp. 403\u2013432.<\/span> <a href=\"https:\/\/doi.org\/10.1007\/978-3-032-10561-5_14\" target=\"_blank\">https:\/\/doi.org\/10.1007\/978-3-032-10561-5_14<\/a><\/li><\/ol><\/div><\/div>\n<style>\/*! elementor - v3.12.2 - 23-04-2023 *\/\n.elementor-column .elementor-spacer-inner{height:var(--spacer-size)}.e-con{--container-widget-width:100%}.e-con-inner>.elementor-widget-spacer,.e-con>.elementor-widget-spacer{width:var(--container-widget-width,var(--spacer-size));--align-self:var(--container-widget-align-self,initial);--flex-shrink:0}.e-con-inner>.elementor-widget-spacer>.elementor-widget-container,.e-con-inner>.elementor-widget-spacer>.elementor-widget-container>.elementor-spacer,.e-con>.elementor-widget-spacer>.elementor-widget-container,.e-con>.elementor-widget-spacer>.elementor-widget-container>.elementor-spacer{height:100%}.e-con-inner>.elementor-widget-spacer>.elementor-widget-container>.elementor-spacer>.elementor-spacer-inner,.e-con>.elementor-widget-spacer>.elementor-widget-container>.elementor-spacer>.elementor-spacer-inner{height:var(--container-widget-height,var(--spacer-size))}<\/style>\n","protected":false},"excerpt":{"rendered":"<p>\u0394\u03b7\u03bc\u03bf\u03c3\u03b9\u03b5\u03cd\u03c3\u03b5\u03b9\u03c2<\/p>\n","protected":false},"author":3,"featured_media":0,"parent":0,"menu_order":0,"comment_status":"closed","ping_status":"closed","template":"","meta":{"_acf_changed":false,"site-sidebar-layout":"no-sidebar","site-content-layout":"page-builder","ast-site-content-layout":"default","site-content-style":"default","site-sidebar-style":"default","ast-global-header-display":"","ast-banner-title-visibility":"","ast-main-header-display":"","ast-hfb-above-header-display":"","ast-hfb-below-header-display":"","ast-hfb-mobile-header-display":"","site-post-title":"disabled","ast-breadcrumbs-content":"","ast-featured-img":"disabled","footer-sml-layout":"","ast-disable-related-posts":"","theme-transparent-header-meta":"default","adv-header-id-meta":"","stick-header-meta":"","header-above-stick-meta":"","header-main-stick-meta":"","header-below-stick-meta":"","astra-migrate-meta-layouts":"default","ast-page-background-enabled":"default","ast-page-background-meta":{"desktop":{"background-color":"var(--ast-global-color-4)","background-image":"","background-repeat":"repeat","background-position":"center center","background-size":"auto","background-attachment":"scroll","background-type":"","background-media":"","overlay-type":"","overlay-color":"","overlay-opacity":"","overlay-gradient":""},"tablet":{"background-color":"","background-image":"","background-repeat":"repeat","background-position":"center center","background-size":"auto","background-attachment":"scroll","background-type":"","background-media":"","overlay-type":"","overlay-color":"","overlay-opacity":"","overlay-gradient":""},"mobile":{"background-color":"","background-image":"","background-repeat":"repeat","background-position":"center center","background-size":"auto","background-attachment":"scroll","background-type":"","background-media":"","overlay-type":"","overlay-color":"","overlay-opacity":"","overlay-gradient":""}},"ast-content-background-meta":{"desktop":{"background-color":"var(--ast-global-color-5)","background-image":"","background-repeat":"repeat","background-position":"center center","background-size":"auto","background-attachment":"scroll","background-type":"","background-media":"","overlay-type":"","overlay-color":"","overlay-opacity":"","overlay-gradient":""},"tablet":{"background-color":"var(--ast-global-color-5)","background-image":"","background-repeat":"repeat","background-position":"center center","background-size":"auto","background-attachment":"scroll","background-type":"","background-media":"","overlay-type":"","overlay-color":"","overlay-opacity":"","overlay-gradient":""},"mobile":{"background-color":"var(--ast-global-color-5)","background-image":"","background-repeat":"repeat","background-position":"center center","background-size":"auto","background-attachment":"scroll","background-type":"","background-media":"","overlay-type":"","overlay-color":"","overlay-opacity":"","overlay-gradient":""}},"footnotes":""},"class_list":["post-2753","page","type-page","status-publish","hentry"],"acf":[],"_links":{"self":[{"href":"https:\/\/www.iti.gr\/iti\/wp-json\/wp\/v2\/pages\/2753","targetHints":{"allow":["GET"]}}],"collection":[{"href":"https:\/\/www.iti.gr\/iti\/wp-json\/wp\/v2\/pages"}],"about":[{"href":"https:\/\/www.iti.gr\/iti\/wp-json\/wp\/v2\/types\/page"}],"author":[{"embeddable":true,"href":"https:\/\/www.iti.gr\/iti\/wp-json\/wp\/v2\/users\/3"}],"replies":[{"embeddable":true,"href":"https:\/\/www.iti.gr\/iti\/wp-json\/wp\/v2\/comments?post=2753"}],"version-history":[{"count":0,"href":"https:\/\/www.iti.gr\/iti\/wp-json\/wp\/v2\/pages\/2753\/revisions"}],"wp:attachment":[{"href":"https:\/\/www.iti.gr\/iti\/wp-json\/wp\/v2\/media?parent=2753"}],"curies":[{"name":"wp","href":"https:\/\/api.w.org\/{rel}","templated":true}]}}